{"id":574,"date":"2023-09-09T17:48:12","date_gmt":"2023-09-09T17:48:12","guid":{"rendered":"http:\/\/coda-working-final.local\/?page_id=574"},"modified":"2023-09-27T09:31:00","modified_gmt":"2023-09-27T09:31:00","slug":"coda-sessions","status":"publish","type":"page","link":"https:\/\/coda.letras.up.pt\/pt\/coda-sessions\/","title":{"rendered":"CODA Sessions"},"content":{"rendered":"<div style=\"height:0px\" aria-hidden=\"true\" id=\"CODASessionsSM1\" class=\"wp-block-spacer\"><\/div><div id=\"wp-block-themeisle-blocks-advanced-columns-6f11e740\" class=\"wp-block-themeisle-blocks-advanced-columns alignfull has-5-columns has-desktop-equal-layout has-tablet-equal-layout has-mobile-collapsedRows-layout has-vertical-unset\"><div class=\"wp-block-themeisle-blocks-advanced-columns-overlay\"><\/div><div class=\"innerblocks-wrap\"><div id=\"wp-block-themeisle-blocks-advanced-column-d7be0252\" class=\"wp-block-themeisle-blocks-advanced-column\"><div style=\"height:15px\" aria-hidden=\"true\" class=\"wp-block-spacer\"><\/div>\n\n<p class=\"has-text-align-center has-neve-link-color-color has-text-color has-background\" style=\"background-color:#c8c8c8\"><strong><a href=\"#CODASessionsSM1\"><strong>#CODA <\/strong>\u2013 Sess\u00f5es Wikimedia<\/a><\/strong><\/p><\/div>\n\n<div id=\"wp-block-themeisle-blocks-advanced-column-7350f21a\" class=\"wp-block-themeisle-blocks-advanced-column\"><div style=\"height:29px\" aria-hidden=\"true\" class=\"wp-block-spacer\"><\/div>\n\n<p class=\"has-text-align-center has-neve-link-color-color has-text-color has-background\" style=\"background-color:#9e9d9d\"><strong><a href=\"#CODASessionsSM2\">#CODA 404 &#8211; 2eR in DH<\/a><\/strong><\/p><\/div>\n\n<div id=\"wp-block-themeisle-blocks-advanced-column-ba595b89\" class=\"wp-block-themeisle-blocks-advanced-column\"><div style=\"height:15px\" aria-hidden=\"true\" class=\"wp-block-spacer\"><\/div>\n\n<p class=\"has-text-align-center has-neve-link-color-color has-text-color has-background\" style=\"background-color:#d2d2d2\"><strong><a href=\"#CODASessionsSM3\"><strong>#CODA <\/strong>&#8211; <strong> Hacktivating the Humanities<\/strong><\/a><\/strong><\/p><\/div>\n\n<div id=\"wp-block-themeisle-blocks-advanced-column-33244ede\" class=\"wp-block-themeisle-blocks-advanced-column\"><div style=\"height:29px\" aria-hidden=\"true\" class=\"wp-block-spacer\"><\/div>\n\n<p class=\"has-text-align-center has-neve-link-color-color has-text-color has-background\" style=\"background-color:#acacac\"><strong><a href=\"#CODASessionsSM4\">ADOC#CODA<\/a><\/strong><\/p><\/div>\n\n<div id=\"wp-block-themeisle-blocks-advanced-column-ee6cc2c8\" class=\"wp-block-themeisle-blocks-advanced-column\"><div style=\"height:15px\" aria-hidden=\"true\" class=\"wp-block-spacer\"><\/div>\n\n<p class=\"has-text-align-center has-neve-link-color-color has-text-color has-background\" style=\"background-color:#d3d3d3\"><strong><a href=\"http:\/\/coda.letras.up.pt\/pt\/send-us-your-project\/\" data-type=\"page\" data-id=\"741\">Join as a Speaker : Submit your Proposal <\/a><\/strong><\/p><\/div><\/div><\/div><div class=\"wp-block-cover alignfull is-light has-medium-font-size\" style=\"min-height:50px;aspect-ratio:unset;\"><span aria-hidden=\"true\" class=\"wp-block-cover__background has-background-dim-100 has-background-dim\" style=\"background-color:#c4c3c3\"><\/span><div class=\"wp-block-cover__inner-container is-layout-flow wp-block-cover-is-layout-flow\"><div class=\"wp-block-cover alignwide is-light has-medium-font-size\" style=\"min-height:455px;aspect-ratio:unset;\" id=\"CODASessionsSM1\"><span aria-hidden=\"true\" class=\"wp-block-cover__background has-background-dim-100 has-background-dim\" style=\"background-color:#c4c3c3\"><\/span><div class=\"wp-block-cover__inner-container is-layout-flow wp-block-cover-is-layout-flow\"><div class=\"wp-block-columns is-layout-flex wp-container-core-columns-is-layout-1 wp-block-columns-is-layout-flex\"><div class=\"wp-block-column is-vertically-aligned-center is-layout-flow wp-block-column-is-layout-flow\" style=\"flex-basis:100%\"><div style=\"height:62px\" aria-hidden=\"true\" class=\"wp-block-spacer\"><\/div>\n\n<h2 class=\"wp-block-heading has-text-align-center has-neve-link-color-color has-text-color has-large-font-size\" id=\"CODASessionsSM2\"><strong>#CODA <\/strong>\u2013 Sess\u00f5es Wikimedia<\/h2>\n\n<p class=\"has-text-align-center\" style=\"font-size:15px\"><a href=\"http:\/\/coda.letras.up.pt\/pt\/coda-wikimedia-sessions\/\" data-type=\"page\" data-id=\"639\">KNOW MORE<\/a><\/p><\/div>\n\n<div class=\"wp-block-column is-vertically-aligned-center is-layout-flow wp-block-column-is-layout-flow\" style=\"flex-basis:100%\"><div style=\"height:62px\" aria-hidden=\"true\" class=\"wp-block-spacer\"><\/div>\n\n<p class=\"has-text-align-left has-neve-link-color-color has-text-color\" style=\"font-size:15px\">As sess\u00f5es resultantes da colabora\u00e7\u00e3o do CODA com a Wikimedia Portugal visam envolver a comunidade da FLUP e da UPorto na explora\u00e7\u00e3o de um importante recurso para o estudo e desenvolvimento da cultura digital. \u00c9 cada vez maior o n\u00famero de institui\u00e7\u00f5es GLAM (Galleries, Libraries, Archives and Museums) que associam os seus acervos digitais \u00e0 Wikidata, a maior rede de conhecimento atual - em Portugal destacam-se o agregador de arquivos digitais Rossio (https:\/\/rossio.pt\/) e a Biblioteca Nacional de Portugal (<a rel=\"noreferrer noopener\" href=\"https:\/\/www.bnportugal.gov.pt\/\" target=\"_blank\">https:\/\/www.bnportugal.gov.pt\/<\/a>); a n\u00edvel internacional destacam-se Universidade de Edimburgo, Museu Reina Sof\u00eda, MoMA, The British Museum, Smithsonian Archives of American Art, entre outros. Para al\u00e9m de facilitarem a liga\u00e7\u00e3o e os estudos cruzados com fontes diversas, a Wikidata proporciona uma redund\u00e2ncia de seguran\u00e7a para os dados das institui\u00e7\u00f5es. Releva-se ainda a import\u00e2ncia da Wikipedia que, ao utilizar o conhecimento acad\u00e9mico como refer\u00eancia prim\u00e1ria, pode aumentar exponencialmente a sua difus\u00e3o e o seu impacto social.<\/p><\/div><\/div><\/div><\/div><\/div><\/div><div class=\"wp-block-cover alignfull is-light has-medium-font-size\" style=\"min-height:50px;aspect-ratio:unset;\"><span aria-hidden=\"true\" class=\"wp-block-cover__background has-background-dim-100 has-background-dim\" style=\"background-color:#9e9d9d\"><\/span><div class=\"wp-block-cover__inner-container is-layout-flow wp-block-cover-is-layout-flow\"><div class=\"wp-block-cover alignwide is-light has-medium-font-size\" style=\"min-height:50px;aspect-ratio:unset;\"><span aria-hidden=\"true\" class=\"wp-block-cover__background has-background-dim-100 has-background-dim\" style=\"background-color:#9e9d9d\"><\/span><div class=\"wp-block-cover__inner-container is-layout-flow wp-block-cover-is-layout-flow\"><div class=\"wp-block-columns is-layout-flex wp-container-core-columns-is-layout-2 wp-block-columns-is-layout-flex\"><div class=\"wp-block-column is-vertically-aligned-center is-layout-flow wp-block-column-is-layout-flow\" style=\"flex-basis:100%\"><div style=\"height:62px\" aria-hidden=\"true\" class=\"wp-block-spacer\"><\/div>\n\n<h2 class=\"wp-block-heading has-text-align-center has-neve-link-color-color has-text-color has-large-font-size\" id=\"CODASessionsSM3\"><strong>#CODA 404 &#8211; <\/strong><strong>2eR em DH<\/strong><\/h2>\n\n<p class=\"has-text-align-center\" style=\"font-size:15px\"><a href=\"http:\/\/coda.letras.up.pt\/pt\/coda-404\/\" data-type=\"page\" data-id=\"648\">KNOW MORE<\/a><\/p><\/div>\n\n<div class=\"wp-block-column is-vertically-aligned-center is-layout-flow wp-block-column-is-layout-flow\" style=\"flex-basis:100%\"><div style=\"height:62px\" aria-hidden=\"true\" class=\"wp-block-spacer\"><\/div>\n\n<p class=\"has-text-align-left has-neve-link-color-color has-text-color\" style=\"font-size:15px\">Ciclo de palestras\/workshops que explora as m\u00faltiplas formas pelas quais a investiga\u00e7\u00e3o no campo das humanidades digitais pode errar por entre pr\u00e1ticas e m\u00e9todos \"inesesperados\". Com objetivo de virem a constituir uma s\u00e9rie de palestras instigantes para todas as pessoas interessadas na interse\u00e7\u00e3o entre tecnologia, arte e humanidades, estas sess\u00f5es apresentar\u00e3o perspetivas n\u00e3o convencionais sobre o modo como as ferramentas e m\u00e9todos digitais podem ser utilizados para desafiar e subverter formas tradicionais de pensamento e cria\u00e7\u00e3o.<\/p><\/div><\/div><\/div><\/div><\/div><\/div><div class=\"wp-block-cover alignfull is-light has-medium-font-size\" style=\"min-height:50px;aspect-ratio:unset;\"><span aria-hidden=\"true\" class=\"wp-block-cover__background has-background-dim-100 has-background-dim\" style=\"background-color:#d2d2d2\"><\/span><div class=\"wp-block-cover__inner-container is-layout-flow wp-block-cover-is-layout-flow\"><div class=\"wp-block-cover alignwide is-light has-medium-font-size\" style=\"min-height:50px;aspect-ratio:unset;\"><span aria-hidden=\"true\" class=\"wp-block-cover__background has-background-dim-100 has-background-dim\" style=\"background-color:#d2d2d2\"><\/span><div class=\"wp-block-cover__inner-container is-layout-flow wp-block-cover-is-layout-flow\"><div class=\"wp-block-columns is-layout-flex wp-container-core-columns-is-layout-3 wp-block-columns-is-layout-flex\"><div class=\"wp-block-column is-vertically-aligned-center is-layout-flow wp-block-column-is-layout-flow\" style=\"flex-basis:100%\"><div style=\"height:62px\" aria-hidden=\"true\" class=\"wp-block-spacer\"><\/div>\n\n<h2 class=\"wp-block-heading has-text-align-center has-large-font-size\" id=\"CODASessionsSM4\"><strong>#CODA <\/strong>&#8211; <strong> Hacktivating             as humanidades<\/strong><\/h2>\n\n<p class=\"has-text-align-center\" style=\"font-size:15px\"><a href=\"http:\/\/coda.letras.up.pt\/pt\/coda-404-2er-in-dh\/\" data-type=\"page\" data-id=\"592\">KNOW MORE<\/a><\/p><\/div>\n\n<div class=\"wp-block-column is-vertically-aligned-center is-layout-flow wp-block-column-is-layout-flow\" style=\"flex-basis:100%\"><div style=\"height:62px\" aria-hidden=\"true\" class=\"wp-block-spacer\"><\/div>\n\n<p class=\"has-text-align-left\" style=\"font-size:15px\">A ideia de hackear, que a cultura popular associou \u00e0 invas\u00e3o ou destrui\u00e7\u00e3o de sistemas, surgiu como uma forma n\u00e3o standard de ultrapassar obst\u00e1culos e limita\u00e7\u00f5es dos sistemas inform\u00e1ticos. Tendo como refer\u00eancia o seu car\u00e1cter original, este conceito pode ser uma poderosa ferramenta para ativar e revitalizar as humanidades. Partindo desta premissa, o ciclo \"Hacktivar as Humanidades\", uma iniciativa CODA - Centre for Digital Culture and Innovation, pretende reunir investigadores nacionais e internacionais cuja investiga\u00e7\u00e3o possa demonstrar como abordagens criativas e, por vezes, disruptivas, s\u00e3o usadas para transformar a forma como pensamos e interagimos com a cultura, as artes e as ci\u00eancias sociais e humanas. Nesse questionamento, os participantes ser\u00e3o ainda desafiados a repensar as suas pr\u00f3prias pr\u00e1ticas e, portanto, a buscar novas formas de (re)hacktiva\u00e7\u00e3o dos seus pr\u00f3prios percursos.<\/p><\/div><\/div><\/div><\/div><\/div><\/div><div class=\"wp-block-cover alignfull is-light has-medium-font-size\" style=\"min-height:50px;aspect-ratio:unset;\"><span aria-hidden=\"true\" class=\"wp-block-cover__background has-background-dim-100 has-background-dim\" style=\"background-color:#acacac\"><\/span><div class=\"wp-block-cover__inner-container is-layout-flow wp-block-cover-is-layout-flow\"><div class=\"wp-block-cover alignwide is-light has-medium-font-size\" style=\"min-height:430px;aspect-ratio:unset;\"><span aria-hidden=\"true\" class=\"wp-block-cover__background has-background-dim-100 has-background-dim\" style=\"background-color:#acacac\"><\/span><div class=\"wp-block-cover__inner-container is-layout-flow wp-block-cover-is-layout-flow\"><div class=\"wp-block-columns is-layout-flex wp-container-core-columns-is-layout-4 wp-block-columns-is-layout-flex\"><div class=\"wp-block-column is-vertically-aligned-center is-layout-flow wp-block-column-is-layout-flow\" style=\"flex-basis:100%\"><div style=\"height:62px\" aria-hidden=\"true\" class=\"wp-block-spacer\"><\/div>\n\n<h2 class=\"wp-block-heading has-text-align-center has-large-font-size\">ADOC#CODA<\/h2>\n\n<p class=\"has-text-align-center\" id=\"CODASessionsSM5\" style=\"font-size:15px\"><a href=\"http:\/\/coda.letras.up.pt\/pt\/adoccoda\/\" data-type=\"page\" data-id=\"656\">KNOW MORE<\/a><\/p><\/div>\n\n<div class=\"wp-block-column is-vertically-aligned-center is-layout-flow wp-block-column-is-layout-flow\" style=\"flex-basis:100%\"><div style=\"height:62px\" aria-hidden=\"true\" class=\"wp-block-spacer\"><\/div>\n\n<p class=\"has-text-align-left\" style=\"font-size:15px\">Nestas sess\u00f5es, especialistas convidados lecionam aulas abertas, cuidadosamente moldadas para uma finalidade espec\u00edfica: enriquecer a compreens\u00e3o dos alunos sobre Humanidades Digitais, independentemente do curso que frequentam. Essas aulas, realizadas de forma tempor\u00e1ria, proporcionam um espa\u00e7o onde o conhecimento em HD \u00e9 aprofundado, as barreiras entre disciplinas superadas e a intera\u00e7\u00e3o entre diferentes \u00e1reas de estudo fomentada, fazendo deste ciclo um incentivo \u00e0 colabora\u00e7\u00e3o interdisciplinar numa \u00e1rea em constante evolu\u00e7\u00e3o.<\/p><\/div><\/div><\/div><\/div><\/div><\/div>","protected":false},"excerpt":{"rendered":"","protected":false},"author":2,"featured_media":0,"parent":0,"menu_order":0,"comment_status":"closed","ping_status":"closed","template":"","meta":{"neve_meta_sidebar":"","neve_meta_container":"","neve_meta_enable_content_width":"","neve_meta_content_width":0,"neve_meta_title_alignment":"","neve_meta_author_avatar":"","neve_post_elements_order":"","neve_meta_disable_header":"","neve_meta_disable_footer":"","neve_meta_disable_title":"","_themeisle_gutenberg_block_has_review":false,"footnotes":""},"class_list":["post-574","page","type-page","status-publish","hentry"],"_links":{"self":[{"href":"https:\/\/coda.letras.up.pt\/pt\/wp-json\/wp\/v2\/pages\/574","targetHints":{"allow":["GET"]}}],"collection":[{"href":"https:\/\/coda.letras.up.pt\/pt\/wp-json\/wp\/v2\/pages"}],"about":[{"href":"https:\/\/coda.letras.up.pt\/pt\/wp-json\/wp\/v2\/types\/page"}],"author":[{"embeddable":true,"href":"https:\/\/coda.letras.up.pt\/pt\/wp-json\/wp\/v2\/users\/2"}],"replies":[{"embeddable":true,"href":"https:\/\/coda.letras.up.pt\/pt\/wp-json\/wp\/v2\/comments?post=574"}],"version-history":[{"count":0,"href":"https:\/\/coda.letras.up.pt\/pt\/wp-json\/wp\/v2\/pages\/574\/revisions"}],"wp:attachment":[{"href":"https:\/\/coda.letras.up.pt\/pt\/wp-json\/wp\/v2\/media?parent=574"}],"curies":[{"name":"wp","href":"https:\/\/api.w.org\/{rel}","templated":true}]}}